{"id":26,"date":"2016-10-03T21:21:08","date_gmt":"2016-10-03T19:21:08","guid":{"rendered":"http:\/\/esew.be\/?page_id=26"},"modified":"2025-08-04T16:30:46","modified_gmt":"2025-08-04T14:30:46","slug":"nos-projets","status":"publish","type":"page","link":"https:\/\/esew.be\/?page_id=26","title":{"rendered":"Nos projets"},"content":{"rendered":"\n<!--nextpage-->\n\n\n\n<hr class=\"wp-block-separator has-alpha-channel-opacity\"\/>\n\n\n\n<h3 class=\"wp-block-heading has-kubio-color-2-color has-light-green-cyan-to-vivid-green-cyan-gradient-background has-text-color has-background has-link-color wp-elements-5abf6f864ec436db9e04e81765c427ed\">Projet \u00ab\u00a0Ose le vert\u00a0\u00bb<\/h3>\n\n\n\n<p>Depuis plusieurs ann\u00e9es maintenant, nous sensibilisons nos \u00e9l\u00e8ves \u00e0 l&rsquo;\u00e9cologie.<\/p>\n\n\n\n<p>Au printemps 2021, l&rsquo;\u00e9quipe maternelle s&rsquo;est attel\u00e9e \u00e0 pr\u00e9parer le potager. &nbsp;Quel travail ! &nbsp;Nos petits jardiniers cultivent des l\u00e9gumes qu&rsquo;ils d\u00e9gustent et font d\u00e9guster aux plus grands en automne. &nbsp;Nous nous sommes \u00e9galement dot\u00e9s d&rsquo;une \u00ab\u00a0Classe Jardin\u00a0\u00bb que nous occupons \u00e0 tour de r\u00f4le avec les plus petits comme les plus grands, quand la m\u00e9t\u00e9o est cl\u00e9mente.<\/p>\n\n\n\n<p>Une fois par mois, les petits d\u00e9couvrent la nature gr\u00e2ce \u00e0 \u00ab\u00a0l&rsquo;\u00e9cole du dehors\u00a0\u00bb. &nbsp;Ils partent explorer les alentours &nbsp;pour percer les secrets de nos for\u00eats et du Parc.<\/p>\n\n\n\n<p>Enfin, chaque ann\u00e9e, nous relevons, tous, le d\u00e9fi de prendre soin de notre Terre en participant \u00e0 de nombreuses op\u00e9rations : \u00ab\u00a0Croque ta pomme\u00a0\u00bb, \u00ab\u00a0Op\u00e9ration Propret\u00e9\u00a0\u00bb, &nbsp;\u00ab\u00a0Journ\u00e9e du gros pull\u00a0\u00bb. &nbsp;A chaque moment important, nous y sommes peut-\u00eatre encore plus attentifs car chaque geste compte.<\/p>\n\n\n\n\n\n<figure class=\"wp-block-video\"><video controls src=\"https:\/\/esew.be\/wp-content\/uploads\/2022\/02\/video-1623923695.mp4\"><\/video><\/figure>\n\n\n\n<hr class=\"wp-block-separator has-alpha-channel-opacity\"\/>\n\n\n\n<h3 class=\"wp-block-heading has-kubio-color-3-background-color has-background\"><span style=\"color: #008080;\"><span style=\"color: #008080;\"><b>PROJET NUMERIQUE&nbsp;<\/b><\/span><\/span><\/h3>\n\n\n\n<h3 class=\"wp-block-heading has-text-align-center\"><strong><span style=\"color: #008080;\">Des \u00e9l\u00e8ves qui apprennent dans le monde d&rsquo;aujourd&rsquo;hui !&nbsp;<\/span><\/strong><\/h3>\n\n\n\n\n\n<p>En collaboration avec la REGION WALLONNE et le programme \u00ab\u00a0Digital 4 Edu\u00a0\u00bb, nous esp\u00e9rons encore am\u00e9liorer notre \u00e9quipement ! L&rsquo;ann\u00e9e prochaine, on \u00e9quipe les classes maternelles. <\/p>\n\n\n","protected":false},"excerpt":{"rendered":"<p>Projet \u00ab\u00a0Ose le vert\u00a0\u00bb Depuis plusieurs ann\u00e9es maintenant, nous sensibilisons nos \u00e9l\u00e8ves \u00e0 l&rsquo;\u00e9cologie. Au printemps 2021, l&rsquo;\u00e9quipe maternelle s&rsquo;est attel\u00e9e \u00e0 pr\u00e9parer le potager. &nbsp;Quel travail ! &nbsp;Nos petits jardiniers cultivent des l\u00e9gumes qu&rsquo;ils d\u00e9gustent et font d\u00e9guster aux plus grands en automne. &nbsp;Nous nous sommes \u00e9galement dot\u00e9s d&rsquo;une \u00ab\u00a0Classe Jardin\u00a0\u00bb que nous occupons [&hellip;]<\/p>\n","protected":false},"author":1,"featured_media":0,"parent":0,"menu_order":3,"comment_status":"closed","ping_status":"closed","template":"templates\/template-onecolumn.php","meta":{"saved_in_kubio":true,"footnotes":""},"class_list":["post-26","page","type-page","status-publish","hentry"],"kubio_ai_page_context":{"short_desc":"","purpose":"general"},"_links":{"self":[{"href":"https:\/\/esew.be\/index.php?rest_route=\/wp\/v2\/pages\/26","targetHints":{"allow":["GET"]}}],"collection":[{"href":"https:\/\/esew.be\/index.php?rest_route=\/wp\/v2\/pages"}],"about":[{"href":"https:\/\/esew.be\/index.php?rest_route=\/wp\/v2\/types\/page"}],"author":[{"embeddable":true,"href":"https:\/\/esew.be\/index.php?rest_route=\/wp\/v2\/users\/1"}],"replies":[{"embeddable":true,"href":"https:\/\/esew.be\/index.php?rest_route=%2Fwp%2Fv2%2Fcomments&post=26"}],"version-history":[{"count":38,"href":"https:\/\/esew.be\/index.php?rest_route=\/wp\/v2\/pages\/26\/revisions"}],"predecessor-version":[{"id":1381,"href":"https:\/\/esew.be\/index.php?rest_route=\/wp\/v2\/pages\/26\/revisions\/1381"}],"wp:attachment":[{"href":"https:\/\/esew.be\/index.php?rest_route=%2Fwp%2Fv2%2Fmedia&parent=26"}],"curies":[{"name":"wp","href":"https:\/\/api.w.org\/{rel}","templated":true}]}}